{"id":10689,"date":"2025-05-12T09:59:45","date_gmt":"2025-05-12T09:59:45","guid":{"rendered":"https:\/\/besto.pl\/?page_id=10689"},"modified":"2025-05-12T09:59:45","modified_gmt":"2025-05-12T09:59:45","slug":"polityka-prywatnosci","status":"publish","type":"page","link":"https:\/\/besto.pl\/en\/polityka-prywatnosci\/","title":{"rendered":"Polityka prywatno\u015bci"},"content":{"rendered":"<div class=\"wpb-content-wrapper\"><div class=\"vc_row wpb_row vc_row-fluid vc_column-gap-35 vc_row-o-equal-height vc_row-o-content-middle vc_row-flex wd-rs-67e6990ce3221\"><div class=\"wpb_column wpb_animate_when_almost_visible wpb_bounceInLeft bounceInLeft vc_column_container vc_col-sm-12 wd-rs-67dc12fa88ccf\"><div class=\"vc_column-inner\"><div class=\"wpb_wrapper\">\n\t<div class=\"wpb_text_column wpb_content_element\" >\n\t\t<div class=\"wpb_wrapper\">\n\t\t\t<p>Zgodnie z tzw. RODO, czyli Og\u00f3lnym Rozporz\u0105dzeniem o ochronie danych osobowych z dnia 27 kwietnia 2016 r., a dok\u0142adnie jego artyku\u0142em 13 ust. 1 i 2, informujemy i\u017c:<\/p>\n<ul>\n<li>Administratorem Twoich danych osobowych jest Infus MM Programy komputerowe Miros\u0142aw Malkiewicz, ul. Go\u0142dapska 57, 10-633 Olsztyn.<\/li>\n<li>Twoje dane osobowe podawane w formularzu b\u0119d\u0105 przetwarzane, w celu odpowiedzi na wiadomo\u015b\u0107, na podstawie art. 6 ust. 1 lit. a) RODO.<\/li>\n<li>Podanie danych osobowych jest dobrowolne, ale niezb\u0119dne w celu odpowiedzi na formularz kontaktowy<\/li>\n<li>Twoje dane osobowe b\u0119d\u0105 przetwarzane wy\u0142\u0105cznie do momentu wycofania przez Ciebie udzielonej zgody.<\/li>\n<li>Twoje dane osobowe b\u0119d\u0105 udost\u0119pnianie innym odbiorcom danych, takim jak serwisy \u015bwiadcz\u0105ce us\u0142ugi utrzymania systemu informatycznego i hostingu, dostawca us\u0142ugi poczty elektronicznej<\/li>\n<li>Twoje dane nie b\u0119d\u0105 przekazywane do pa\u0144stw trzecich np. USA.<\/li>\n<li>Masz prawo dost\u0119pu do tre\u015bci swoich danych, ich poprawiania, ich sprostowania, usuni\u0119cia lub ograniczenia przetwarzania, prawo do wniesienia sprzeciwu wobec przetwarzania, prawo do przenoszenia danych, prawo \u017c\u0105dania dost\u0119pu do danych, a tak\u017ce prawo wniesienia skargi do organu nadzorczego, je\u015bli uznasz, \u017ce przetwarzanie Twoich danych jest niezgodne z aktualnie obowi\u0105zuj\u0105cymi przepisami prawa w zakresie ochrony danych. Przys\u0142uguje Ci te\u017c prawo do bycia zapomnianym, je\u015bli dalsze przetwarzanie nie b\u0119dzie przewidziane przez aktualnie obowi\u0105zuj\u0105ce przepisy prawa.<\/li>\n<li>Posiadasz te\u017c prawo do cofni\u0119cia zgody w dowolnym momencie, cofni\u0119cie zgody pozostaje bez wp\u0142ywu na przetwarzanie danych, kt\u00f3rego dokonano na podstawie zgody przez jej cofni\u0119ciem.<\/li>\n<li>Twoje dane b\u0119d\u0105 przechowywane przez okres 10 lat<\/li>\n<li>Kontakt z Inspektorem Ochrony Danych Osobowych odbywa si\u0119 poprzez e-mail: kontakt@besto.pl, Tel. 601057803<\/li>\n<li>Twoje dane nie b\u0119d\u0105 przetwarzane w spos\u00f3b zautomatyzowany, w tym r\u00f3wnie\u017c w formie profilowania.<\/li>\n<li>Masz prawo wnie\u015b\u0107 skarg\u0119 do Prezesa Urz\u0119du Ochrony Danych Osobowych, na zasadach okre\u015blonych w ustawie z dnia 10 maja 2018 r. o ochronie danych osobowych.<\/li>\n<\/ul>\n\n\t\t<\/div>\n\t<\/div>\n<\/div><\/div><\/div><\/div>\n<\/div>","protected":false},"excerpt":{"rendered":"Zgodnie z tzw. RODO, czyli Og\u00f3lnym Rozporz\u0105dzeniem o ochronie danych osobowych z dnia 27 kwietnia 2016 r., a dok\u0142adnie jego","protected":false},"author":1,"featured_media":0,"parent":0,"menu_order":0,"comment_status":"closed","ping_status":"closed","template":"","meta":{"footnotes":""},"class_list":["post-10689","page","type-page","status-publish","hentry"],"yoast_head":"<!-- This site is optimized with the Yoast SEO plugin v26.1.1 - https:\/\/yoast.com\/wordpress\/plugins\/seo\/ -->\n<title>Polityka prywatno\u015bci - Przeprowadzki dom\u00f3w i mieszka\u0144 Warszawa - Besto<\/title>\n<meta name=\"robots\" content=\"index, follow, max-snippet:-1, max-image-preview:large, max-video-preview:-1\" \/>\n<link rel=\"canonical\" href=\"https:\/\/besto.pl\/en\/polityka-prywatnosci\/\" \/>\n<meta property=\"og:locale\" content=\"en_GB\" \/>\n<meta property=\"og:type\" content=\"article\" \/>\n<meta property=\"og:title\" content=\"Polityka prywatno\u015bci - Przeprowadzki dom\u00f3w i mieszka\u0144 Warszawa - Besto\" \/>\n<meta property=\"og:url\" content=\"https:\/\/besto.pl\/en\/polityka-prywatnosci\/\" \/>\n<meta property=\"og:site_name\" content=\"Przeprowadzki dom\u00f3w i mieszka\u0144 Warszawa - Besto\" \/>\n<meta name=\"twitter:card\" content=\"summary_large_image\" \/>\n<meta name=\"twitter:label1\" content=\"Estimated reading time\" \/>\n\t<meta name=\"twitter:data1\" content=\"1 minute\" \/>\n<script type=\"application\/ld+json\" class=\"yoast-schema-graph\">{\"@context\":\"https:\/\/schema.org\",\"@graph\":[{\"@type\":\"WebPage\",\"@id\":\"https:\/\/besto.pl\/polityka-prywatnosci\/\",\"url\":\"https:\/\/besto.pl\/polityka-prywatnosci\/\",\"name\":\"Polityka prywatno\u015bci - Przeprowadzki dom\u00f3w i mieszka\u0144 Warszawa - Besto\",\"isPartOf\":{\"@id\":\"https:\/\/besto.pl\/#website\"},\"datePublished\":\"2025-05-12T09:59:45+00:00\",\"breadcrumb\":{\"@id\":\"https:\/\/besto.pl\/polityka-prywatnosci\/#breadcrumb\"},\"inLanguage\":\"en-GB\",\"potentialAction\":[{\"@type\":\"ReadAction\",\"target\":[\"https:\/\/besto.pl\/polityka-prywatnosci\/\"]}]},{\"@type\":\"BreadcrumbList\",\"@id\":\"https:\/\/besto.pl\/polityka-prywatnosci\/#breadcrumb\",\"itemListElement\":[{\"@type\":\"ListItem\",\"position\":1,\"name\":\"Strona g\u0142\u00f3wna\",\"item\":\"https:\/\/besto.pl\/\"},{\"@type\":\"ListItem\",\"position\":2,\"name\":\"Polityka prywatno\u015bci\"}]},{\"@type\":\"WebSite\",\"@id\":\"https:\/\/besto.pl\/#website\",\"url\":\"https:\/\/besto.pl\/\",\"name\":\"Przeprowadzki dom\u00f3w i mieszka\u0144 Warszawa - Besto\",\"description\":\"Przeprowadzki dom\u00f3w i mieszka\u0144 Warszawa - Besto\",\"potentialAction\":[{\"@type\":\"SearchAction\",\"target\":{\"@type\":\"EntryPoint\",\"urlTemplate\":\"https:\/\/besto.pl\/?s={search_term_string}\"},\"query-input\":{\"@type\":\"PropertyValueSpecification\",\"valueRequired\":true,\"valueName\":\"search_term_string\"}}],\"inLanguage\":\"en-GB\"}]}<\/script>\n<!-- \/ Yoast SEO plugin. -->","yoast_head_json":{"title":"Polityka prywatno\u015bci - Przeprowadzki dom\u00f3w i mieszka\u0144 Warszawa - Besto","robots":{"index":"index","follow":"follow","max-snippet":"max-snippet:-1","max-image-preview":"max-image-preview:large","max-video-preview":"max-video-preview:-1"},"canonical":"https:\/\/besto.pl\/en\/polityka-prywatnosci\/","og_locale":"en_GB","og_type":"article","og_title":"Polityka prywatno\u015bci - Przeprowadzki dom\u00f3w i mieszka\u0144 Warszawa - Besto","og_url":"https:\/\/besto.pl\/en\/polityka-prywatnosci\/","og_site_name":"Przeprowadzki dom\u00f3w i mieszka\u0144 Warszawa - Besto","twitter_card":"summary_large_image","twitter_misc":{"Estimated reading time":"1 minute"},"schema":{"@context":"https:\/\/schema.org","@graph":[{"@type":"WebPage","@id":"https:\/\/besto.pl\/polityka-prywatnosci\/","url":"https:\/\/besto.pl\/polityka-prywatnosci\/","name":"Polityka prywatno\u015bci - Przeprowadzki dom\u00f3w i mieszka\u0144 Warszawa - Besto","isPartOf":{"@id":"https:\/\/besto.pl\/#website"},"datePublished":"2025-05-12T09:59:45+00:00","breadcrumb":{"@id":"https:\/\/besto.pl\/polityka-prywatnosci\/#breadcrumb"},"inLanguage":"en-GB","potentialAction":[{"@type":"ReadAction","target":["https:\/\/besto.pl\/polityka-prywatnosci\/"]}]},{"@type":"BreadcrumbList","@id":"https:\/\/besto.pl\/polityka-prywatnosci\/#breadcrumb","itemListElement":[{"@type":"ListItem","position":1,"name":"Strona g\u0142\u00f3wna","item":"https:\/\/besto.pl\/"},{"@type":"ListItem","position":2,"name":"Polityka prywatno\u015bci"}]},{"@type":"WebSite","@id":"https:\/\/besto.pl\/#website","url":"https:\/\/besto.pl\/","name":"Przeprowadzki dom\u00f3w i mieszka\u0144 Warszawa - Besto","description":"Przeprowadzki dom\u00f3w i mieszka\u0144 Warszawa - Besto","potentialAction":[{"@type":"SearchAction","target":{"@type":"EntryPoint","urlTemplate":"https:\/\/besto.pl\/?s={search_term_string}"},"query-input":{"@type":"PropertyValueSpecification","valueRequired":true,"valueName":"search_term_string"}}],"inLanguage":"en-GB"}]}},"_links":{"self":[{"href":"https:\/\/besto.pl\/en\/wp-json\/wp\/v2\/pages\/10689","targetHints":{"allow":["GET"]}}],"collection":[{"href":"https:\/\/besto.pl\/en\/wp-json\/wp\/v2\/pages"}],"about":[{"href":"https:\/\/besto.pl\/en\/wp-json\/wp\/v2\/types\/page"}],"author":[{"embeddable":true,"href":"https:\/\/besto.pl\/en\/wp-json\/wp\/v2\/users\/1"}],"replies":[{"embeddable":true,"href":"https:\/\/besto.pl\/en\/wp-json\/wp\/v2\/comments?post=10689"}],"version-history":[{"count":2,"href":"https:\/\/besto.pl\/en\/wp-json\/wp\/v2\/pages\/10689\/revisions"}],"predecessor-version":[{"id":10691,"href":"https:\/\/besto.pl\/en\/wp-json\/wp\/v2\/pages\/10689\/revisions\/10691"}],"wp:attachment":[{"href":"https:\/\/besto.pl\/en\/wp-json\/wp\/v2\/media?parent=10689"}],"curies":[{"name":"wp","href":"https:\/\/api.w.org\/{rel}","templated":true}]}}